{"id":57,"date":"2019-08-11T21:25:13","date_gmt":"2019-08-11T19:25:13","guid":{"rendered":"http:\/\/rafaleon.com\/?page_id=57"},"modified":"2019-09-03T17:15:32","modified_gmt":"2019-09-03T15:15:32","slug":"sobre-nosotros","status":"publish","type":"page","link":"https:\/\/rafaleon.com\/?page_id=57","title":{"rendered":"Sobre nosotros"},"content":{"rendered":"<style type=\"text\/css\"> \n#cmsmasters_row_69f5e0807a7d0 { \n\tbackground-color:#ffffff;\n} \n\n \n#cmsmasters_row_69f5e0807aa2b { \n\tbackground-color:#ff0000;\n} \n\n#cmsmasters_row_69f5e0807aa2b .cmsmasters_row_outer_parent { \n\tpadding-top: 30px; \n} \n\n#cmsmasters_row_69f5e0807aa2b .cmsmasters_row_outer_parent { \n\tpadding-bottom: 90px; \n} \n\n#cmsmasters_row_69f5e0807aa2b .cmsmasters_row_overlay { \n\tbackground-color:#ff0000;\n} \n\n\r\n\t\t\t#cmsmasters_row_69f5e0807aa2b.cmsmasters_row_top_zigzag:before, \r\n\t\t\t#cmsmasters_row_69f5e0807aa2b.cmsmasters_row_bot_zigzag:after {\r\n\t\t\t\tbackground-image: -webkit-linear-gradient(135deg, #ff0000 25%, transparent 25%), \r\n\t\t\t\t\t\t-webkit-linear-gradient(45deg, #ff0000 25%, transparent 25%);\r\n\t\t\t\tbackground-image: -moz-linear-gradient(135deg, #ff0000 25%, transparent 25%), \r\n\t\t\t\t\t\t-moz-linear-gradient(45deg, #ff0000 25%, transparent 25%);\r\n\t\t\t\tbackground-image: -ms-linear-gradient(135deg, #ff0000 25%, transparent 25%), \r\n\t\t\t\t\t\t-ms-linear-gradient(45deg, #ff0000 25%, transparent 25%);\r\n\t\t\t\tbackground-image: -o-linear-gradient(135deg, #ff0000 25%, transparent 25%), \r\n\t\t\t\t\t\t-o-linear-gradient(45deg, #ff0000 25%, transparent 25%);\r\n\t\t\t\tbackground-image: linear-gradient(315deg, #ff0000 25%, transparent 25%), \r\n\t\t\t\t\t\tlinear-gradient(45deg, #ff0000 25%, transparent 25%);\r\n\t\t\t} \n#cmsmasters_heading_69f5e0807b098 { \n\ttext-align:center; \n\tmargin-top:0px; \n\tmargin-bottom:20px; \n} \n\n#cmsmasters_heading_69f5e0807b098 .cmsmasters_heading { \n\ttext-align:center; \n} \n\n#cmsmasters_heading_69f5e0807b098 .cmsmasters_heading, #cmsmasters_heading_69f5e0807b098 .cmsmasters_heading a { \n\tfont-size:30px; \n\tfont-weight:600; \n\tfont-style:normal; \n\tcolor:#ffffff;\n} \n\n#cmsmasters_heading_69f5e0807b098 .cmsmasters_heading_divider { \n} \n\n\n#cmsmasters_button_69f5e0807b1bf { \n\ttext-align:center; \n} \n\n#cmsmasters_button_69f5e0807b1bf .cmsmasters_button:before { \n\tmargin-right:.5em; \n\tmargin-left:0; \n\tvertical-align:baseline; \n} \n\n#cmsmasters_button_69f5e0807b1bf .cmsmasters_button { \n\tfont-size:20px; \n\tline-height:35px; \n\tfont-weight:600; \n\tfont-style:normal; \n\tpadding-right:20px; \n\tpadding-left:20px; \n\tborder-style:solid; \n\tbackground-color:#ffffff;\n\tcolor:#686868;\n} \n#cmsmasters_button_69f5e0807b1bf .cmsmasters_button:hover { \n\tbackground-color:#ff0c0c;\n\tcolor:#ffffff;\n\tborder-color:#ffffff;\n} \n \n#cmsmasters_row_69f5e0807b27c { \n\tbackground-color:#ffffff;\n} \n\n#cmsmasters_row_69f5e0807b27c .cmsmasters_row_outer_parent { \n\tpadding-top: 0px; \n} \n\n#cmsmasters_row_69f5e0807b27c .cmsmasters_row_outer_parent { \n\tpadding-bottom: 90px; \n} \n\n#cmsmasters_row_69f5e0807b27c .cmsmasters_row_overlay { \n\tbackground-color:#ffffff;\n} \n\n \n#cmsmasters_heading_69f5e0807b4df { \n\ttext-align:center; \n\tmargin-top:50px; \n\tmargin-bottom:20px; \n} \n\n#cmsmasters_heading_69f5e0807b4df .cmsmasters_heading { \n\ttext-align:center; \n} \n\n#cmsmasters_heading_69f5e0807b4df .cmsmasters_heading, #cmsmasters_heading_69f5e0807b4df .cmsmasters_heading a { \n\tfont-size:40px; \n\tfont-weight:100; \n\tfont-style:normal; \n\tcolor:#444444;\n} \n\n#cmsmasters_heading_69f5e0807b4df .cmsmasters_heading_divider { \n} \n\n \n#cmsmasters_row_69f5e0807b7a3 { \n\tbackground-color:rgba(255,255,255,0);\n\tbackground-image: url(https:\/\/rafaleon.com\/wp-content\/uploads\/2019\/09\/Depositphotos_129099432_ds.jpg); \n\tbackground-position: top center; \n\tbackground-repeat: no-repeat; \n\tbackground-attachment: scroll; \n\tbackground-size: cover; \n} \n\n#cmsmasters_row_69f5e0807b7a3 .cmsmasters_row_outer_parent { \n\tpadding-top: 50px; \n} \n\n#cmsmasters_row_69f5e0807b7a3 .cmsmasters_row_outer_parent { \n\tpadding-bottom: 90px; \n} \n\n#cmsmasters_row_69f5e0807b7a3 .cmsmasters_row_overlay { \n\tbackground-color:rgba(255,255,255,0);\n} \n\n \n#cmsmasters_heading_69f5e0807bcf2 { \n\ttext-align:center; \n\tmargin-top:90px; \n\tmargin-bottom:20px; \n} \n\n#cmsmasters_heading_69f5e0807bcf2 .cmsmasters_heading { \n\ttext-align:center; \n} \n\n#cmsmasters_heading_69f5e0807bcf2 .cmsmasters_heading, #cmsmasters_heading_69f5e0807bcf2 .cmsmasters_heading a { \n\tfont-size:55px; \n\tfont-weight:100; \n\tfont-style:normal; \n\tcolor:#ffffff;\n} \n\n#cmsmasters_heading_69f5e0807bcf2 .cmsmasters_heading_divider { \n} \n\n<\/style><div id=\"cmsmasters_row_69f5e0807a5a3\" class=\"cmsmasters_row cmsmasters_color_scheme_default cmsmasters_row_top_default cmsmasters_row_bot_default cmsmasters_row_boxed\">\n<div class=\"cmsmasters_row_outer_parent\">\n<div class=\"cmsmasters_row_outer\">\n<div class=\"cmsmasters_row_inner\">\n<div class=\"cmsmasters_row_margin\">\n<div class=\"cmsmasters_column one_first\">\n<div class=\"cmsmasters_text\">\n<p>&nbsp;<\/p>\n<\/div>\n<\/div>\n<\/div>\n<\/div>\n<\/div>\n<\/div>\n<\/div>\n<div id=\"cmsmasters_row_69f5e0807a7d0\" class=\"cmsmasters_row cmsmasters_color_scheme_default slider-about cmsmasters_row_top_default cmsmasters_row_bot_default cmsmasters_row_boxed\">\n<div class=\"cmsmasters_row_outer_parent\">\n<div class=\"cmsmasters_row_outer\">\n<div class=\"cmsmasters_row_inner\">\n<div class=\"cmsmasters_row_margin\">\n<div class=\"cmsmasters_column one_first\">\n<div class=\"cmsmasters_text\">\n<p>[rev_slider alias=\u00bbsobre\u00bb]<\/p>\n<\/div>\n<\/div>\n<\/div>\n<\/div>\n<\/div>\n<\/div>\n<\/div>\n<div id=\"cmsmasters_row_69f5e0807a904\" class=\"cmsmasters_row cmsmasters_color_scheme_default cmsmasters_row_top_default cmsmasters_row_bot_default cmsmasters_row_boxed\">\n<div class=\"cmsmasters_row_outer_parent\">\n<div class=\"cmsmasters_row_outer\">\n<div class=\"cmsmasters_row_inner\">\n<div class=\"cmsmasters_row_margin\">\n<div class=\"cmsmasters_column one_first\">\n<div class=\"cmsmasters_text\">\n<p>&nbsp;<\/p>\n<\/div>\n<\/div>\n<\/div>\n<\/div>\n<\/div>\n<\/div>\n<\/div>\n<div id=\"cmsmasters_row_69f5e0807aa2b\" class=\"cmsmasters_row cmsmasters_color_scheme_default cmsmasters_row_top_left_diagonal cmsmasters_row_bot_zigzag cmsmasters_row_boxed\">\n<div class=\"cmsmasters_row_outer_parent\">\n<div class=\"cmsmasters_row_overlay\"><\/div>\n<div class=\"cmsmasters_row_outer\">\n<div class=\"cmsmasters_row_inner\">\n<div class=\"cmsmasters_row_margin\">\n<div class=\"cmsmasters_column one_first\">\n\n<div id=\"cmsmasters_heading_69f5e0807b098\" class=\"cmsmasters_heading_wrap cmsmasters_heading_align_center\">\n\t<h1 class=\"cmsmasters_heading\">La mejor variedad de cursos<\/h1>\n<\/div><div class=\"cmsmasters_text\">\n<h5 style=\"text-align: center;\"><span style=\"color: #ffffff;\"><em>En nuestras academias no necesitas pareja, \u00a1aqu\u00ed todos bailamos todos con todos!<\/em><\/span><\/h5>\n<div><\/div>\n<\/div>\n\n<div id=\"cmsmasters_button_69f5e0807b1bf\" class=\"button_wrap\"><a href=\"https:\/\/rafaleon.com\/?page_id=155\" class=\"cmsmasters_button\"><span>Cont\u00e1ctanos<\/span><\/a><\/div>\n<\/div>\n<\/div>\n<\/div>\n<\/div>\n<\/div>\n<\/div>\n<div id=\"cmsmasters_row_69f5e0807b27c\" class=\"cmsmasters_row cmsmasters_color_scheme_default cmsmasters_row_top_default cmsmasters_row_bot_left_diagonal cmsmasters_row_boxed\">\n<div class=\"cmsmasters_row_outer_parent\">\n<div class=\"cmsmasters_row_overlay\"><\/div>\n<div class=\"cmsmasters_row_outer\">\n<div class=\"cmsmasters_row_inner\">\n<div class=\"cmsmasters_row_margin\">\n<div class=\"cmsmasters_column one_first\">\n\n<div id=\"cmsmasters_heading_69f5e0807b4df\" class=\"cmsmasters_heading_wrap cmsmasters_heading_align_center\">\n\t<h1 class=\"cmsmasters_heading\">Sobre Rafa Le\u00f3n<\/h1>\n<\/div><div class=\"cmsmasters_text\">\n<h5 style=\"text-align: center;\"><span style=\"color: #ff0000;\"><em>La danza no es competici\u00f3n, es pasi\u00f3n<\/em><\/span><\/h5>\n<div><\/div>\n<\/div>\n<div class=\"cmsmasters_text\">\n<div style=\"text-align: center;\"><span style=\"color: #808080;\">Mi nombre es Rafa Le\u00f3n. M\u00e1s que bailar\u00edn, me considero ante todo profesor, aprend\u00ed en Cuba, sobre todo en la Habana y en Santiago de Cuba, por lo que mi estilo de salsa (Casino) es muy cubano. Aunque tambi\u00e9n estudie en Miami y Nueva York la salsa lineal, la bachata tradicional es mi pasi\u00f3n y me encanta ense\u00f1ar absolutamente todo lo que s\u00e9. Llevo m\u00e1s de 22 a\u00f1os ense\u00f1ando a bailar y m\u00e1s de 3100 alumnos son mi garant\u00eda de \u00e9xito. Aprende r\u00e1pido, f\u00e1cil y \u00a1sin que le duela a tu bolsillo!<\/span><\/div>\n<div style=\"text-align: center;\"><span style=\"color: #808080;\"><br \/>\nNuestras academias: Damos clases en diferentes lugares en Marbella con diferentes horarios y niveles solo tienes que elegir tu academia, tu horario, tu nivel y empieza a disfrutar ya!<\/span><\/div>\n<div style=\"text-align: center;\"><span style=\"color: #808080;\"><br \/>\nNuestro sistema: M\u00e1s de 22 a\u00f1os ense\u00f1ando han hecho que perfeccionemos un sistema con un rendimiento alt\u00edsimo, con el cual aprender\u00e1s de manera r\u00e1pida y divertida estilos puros y sin deformaciones. \u00bfQuieres aprender sin coreograf\u00edas complicadas ni de memoria? \u00a1esta es tu academia!<\/span><\/div>\n<div style=\"text-align: center;\"><span style=\"color: #808080;\"><br \/>\nNuestros alumnos: Desde ni\u00f1os a personas experimentadas. Todos son bienvenidos, de cualquier edad, solo es necesario ganas de pasarlo bien y divertirse, \u00a1lo dem\u00e1s es cosa nuestra! Cuando quieras abrir los ojos estar\u00e1s bailando.<\/span><\/div>\n<div style=\"text-align: center;\"><span style=\"color: #808080;\"><br \/>\nNuestras salidas: Durante la semana visitamos diferentes discotecas\/bares donde te tratar\u00e1n de primera! All\u00ed, practicamos todo lo aprendido mientras pasamos un buen rato entre risas y buena m\u00fasica, el ambiente es genial y \u00a1ya te estamos esperando! Visita la p\u00e1gina de eventos para saber d\u00f3nde estaremos esta semana.<\/span><\/div>\n<\/div>\n<\/div>\n<\/div>\n<\/div>\n<\/div>\n<\/div>\n<\/div>\n<div id=\"cmsmasters_row_69f5e0807b7a3\" class=\"cmsmasters_row cmsmasters_color_scheme_default cmsmasters_row_top_left_diagonal cmsmasters_row_bot_default cmsmasters_row_boxed\">\n<div class=\"cmsmasters_row_outer_parent\">\n<div class=\"cmsmasters_row_overlay\"><\/div>\n<div class=\"cmsmasters_row_outer\">\n<div class=\"cmsmasters_row_inner\">\n<div class=\"cmsmasters_row_margin\">\n<div class=\"cmsmasters_column one_first\">\n\n<div id=\"cmsmasters_heading_69f5e0807bcf2\" class=\"cmsmasters_heading_wrap cmsmasters_heading_align_center\">\n\t<h1 class=\"cmsmasters_heading\">Pru\u00e9banos<\/h1>\n<\/div><div class=\"cmsmasters_text\">\n<h6 style=\"text-align: center;\"><span style=\"color: #f0f0f0;\"><em>Con nosotros, no necesitas compa\u00f1er@<\/em><\/span><\/h6>\n<div><\/div>\n<\/div>\n<\/div>\n<\/div>\n<\/div>\n<\/div>\n<\/div>\n<\/div>\n\n","protected":false},"excerpt":{"rendered":"","protected":false},"author":1,"featured_media":0,"parent":0,"menu_order":2,"comment_status":"closed","ping_status":"closed","template":"","meta":{"footnotes":""},"class_list":["post-57","page","type-page","status-publish","hentry"],"aioseo_notices":[],"_links":{"self":[{"href":"https:\/\/rafaleon.com\/index.php?rest_route=\/wp\/v2\/pages\/57","targetHints":{"allow":["GET"]}}],"collection":[{"href":"https:\/\/rafaleon.com\/index.php?rest_route=\/wp\/v2\/pages"}],"about":[{"href":"https:\/\/rafaleon.com\/index.php?rest_route=\/wp\/v2\/types\/page"}],"author":[{"embeddable":true,"href":"https:\/\/rafaleon.com\/index.php?rest_route=\/wp\/v2\/users\/1"}],"replies":[{"embeddable":true,"href":"https:\/\/rafaleon.com\/index.php?rest_route=%2Fwp%2Fv2%2Fcomments&post=57"}],"version-history":[{"count":49,"href":"https:\/\/rafaleon.com\/index.php?rest_route=\/wp\/v2\/pages\/57\/revisions"}],"predecessor-version":[{"id":337,"href":"https:\/\/rafaleon.com\/index.php?rest_route=\/wp\/v2\/pages\/57\/revisions\/337"}],"wp:attachment":[{"href":"https:\/\/rafaleon.com\/index.php?rest_route=%2Fwp%2Fv2%2Fmedia&parent=57"}],"curies":[{"name":"wp","href":"https:\/\/api.w.org\/{rel}","templated":true}]}}