{"id":300,"date":"2019-08-22T17:00:04","date_gmt":"2019-08-22T15:00:04","guid":{"rendered":"http:\/\/rafaleon.com\/?page_id=300"},"modified":"2019-09-01T02:21:25","modified_gmt":"2019-09-01T00:21:25","slug":"cursos","status":"publish","type":"page","link":"https:\/\/rafaleon.com\/?page_id=300","title":{"rendered":"Cursos"},"content":{"rendered":"<style type=\"text\/css\"> \n#cmsmasters_row_6a055769ac8f4 { \n\tbackground-image: url(https:\/\/rafaleon.com\/wp-content\/uploads\/2019\/08\/heading-image-1.jpg); \n\tbackground-position: top center; \n\tbackground-repeat: repeat-y; \n\tbackground-attachment: fixed; \n\tbackground-size: auto; \n} \n\n#cmsmasters_row_6a055769ac8f4 .cmsmasters_row_outer_parent { \n\tpadding-top: 80px; \n} \n\n#cmsmasters_row_6a055769ac8f4 .cmsmasters_row_outer_parent { \n\tpadding-bottom: 50px; \n} \n\n \n#cmsmasters_heading_6a055769ad273 { \n\ttext-align:center; \n\tmargin-top:0px; \n\tmargin-bottom:20px; \n} \n\n#cmsmasters_heading_6a055769ad273 .cmsmasters_heading { \n\ttext-align:center; \n} \n\n#cmsmasters_heading_6a055769ad273 .cmsmasters_heading, #cmsmasters_heading_6a055769ad273 .cmsmasters_heading a { \n\tfont-weight:normal; \n\tfont-style:normal; \n\tcolor:#ffffff;\n} \n\n#cmsmasters_heading_6a055769ad273 .cmsmasters_heading_divider { \n} \n\n<\/style><div id=\"cmsmasters_row_6a055769ac8f4\" class=\"cmsmasters_row cmsmasters_color_scheme_default cmsmasters_row_top_zigzag cmsmasters_row_bot_default cmsmasters_row_boxed\">\n<div class=\"cmsmasters_row_outer_parent\">\n<div class=\"cmsmasters_row_outer\">\n<div class=\"cmsmasters_row_inner\">\n<div class=\"cmsmasters_row_margin\">\n<div class=\"cmsmasters_column one_first\">\n\n<div id=\"cmsmasters_heading_6a055769ad273\" class=\"cmsmasters_heading_wrap cmsmasters_heading_align_center\">\n\t<h1 class=\"cmsmasters_heading\">Nuestros cursos<\/h1>\n<\/div><div class=\"cmsmasters_text\">\n<p style=\"text-align: center;\"><span style=\"color: #ffffff;\">Haz click en las im\u00e1genes para m\u00e1s informaci\u00f3n<\/span><\/p>\n<\/div>\n<div class=\"cmsmasters_wrap_portfolio entry-summary\" id=\"portfolio_6a055769ad87f\">\n<script type=\"text\/javascript\">\njQuery(document).ready(function () {\n\t(function ($) {\n\t\tif ($('#portfolio_6a055769ad87f').find('article').length == '0') {\n\t\t\treturn false;\n\t\t}\n\t\t\n\t\n\t\tstartPortfolio( \n\t\t\t'6a055769ad87f', \n\t\t\t'grid', \n\t\t\t'perfect', \n\t\t\t'https:\/\/rafaleon.com\/wp-content\/plugins\/cmsmasters-content-composer\/', \n\t\t\t'title', \n\t\t\t'DESC', \n\t\t\t'6', \n\t\t\t'', \n\t\t\t'title' \n\t\t);\n\t} )(jQuery);\n} );\n<\/script>\n<div class=\"portfolio grid large_gap perfect cmsmasters_4 portfolio\">\n<!--_________________________ Start Standard Project _________________________ -->\n\n<article id=\"post-238\" class=\"post-238 project type-project status-publish format-standard has-post-thumbnail hentry\">\n\t<div class=\"project_outer\">\n\t<figure class=\"cmsmasters_img_rollover_wrap preloader\"><img loading=\"lazy\" decoding=\"async\" width=\"400\" height=\"400\" src=\"https:\/\/rafaleon.com\/wp-content\/uploads\/2019\/08\/Depositphotos_5089670_ds-400x400.jpg\" class=\"full-width wp-post-image\" alt=\"Salsa cubana\" title=\"Salsa cubana\" srcset=\"https:\/\/rafaleon.com\/wp-content\/uploads\/2019\/08\/Depositphotos_5089670_ds-400x400.jpg 400w, https:\/\/rafaleon.com\/wp-content\/uploads\/2019\/08\/Depositphotos_5089670_ds-150x150.jpg 150w, https:\/\/rafaleon.com\/wp-content\/uploads\/2019\/08\/Depositphotos_5089670_ds-300x300.jpg 300w, https:\/\/rafaleon.com\/wp-content\/uploads\/2019\/08\/Depositphotos_5089670_ds-50x50.jpg 50w\" sizes=\"auto, (max-width: 400px) 100vw, 400px\" \/><div class=\"cmsmasters_img_rollover\"><a href=\"https:\/\/rafaleon.com\/?project=curso\" title=\"Salsa cubana\" class=\"cmsmasters_open_post_link\"><\/a><\/div><\/figure><div class=\"project_inner\"><header class=\"cmsmasters_project_header entry-header\"><h5 class=\"cmsmasters_project_title entry-title\"><a href=\"https:\/\/rafaleon.com\/?project=curso\">Salsa cubana<\/a><\/h5><\/header><\/div><span class=\"dn meta-date\">20190815190634<\/span>\t\t<div class=\"cl\"><\/div>\n\t<\/div>\n<\/article>\n<!--_________________________ Finish Standard Project _________________________ -->\n\n\n<!--_________________________ Start Standard Project _________________________ -->\n\n<article id=\"post-245\" class=\"post-245 project type-project status-publish format-standard has-post-thumbnail hentry\">\n\t<div class=\"project_outer\">\n\t<figure class=\"cmsmasters_img_rollover_wrap preloader\"><img loading=\"lazy\" decoding=\"async\" width=\"400\" height=\"400\" src=\"https:\/\/rafaleon.com\/wp-content\/uploads\/2019\/08\/Depositphotos_124754212_ds-400x400.jpg\" class=\"full-width wp-post-image\" alt=\"Rumba\" title=\"Rumba\" srcset=\"https:\/\/rafaleon.com\/wp-content\/uploads\/2019\/08\/Depositphotos_124754212_ds-400x400.jpg 400w, https:\/\/rafaleon.com\/wp-content\/uploads\/2019\/08\/Depositphotos_124754212_ds-150x150.jpg 150w, https:\/\/rafaleon.com\/wp-content\/uploads\/2019\/08\/Depositphotos_124754212_ds-300x300.jpg 300w, https:\/\/rafaleon.com\/wp-content\/uploads\/2019\/08\/Depositphotos_124754212_ds-50x50.jpg 50w\" sizes=\"auto, (max-width: 400px) 100vw, 400px\" \/><div class=\"cmsmasters_img_rollover\"><a href=\"https:\/\/rafaleon.com\/?project=rumba\" title=\"Rumba\" class=\"cmsmasters_open_post_link\"><\/a><\/div><\/figure><div class=\"project_inner\"><header class=\"cmsmasters_project_header entry-header\"><h5 class=\"cmsmasters_project_title entry-title\"><a href=\"https:\/\/rafaleon.com\/?project=rumba\">Rumba<\/a><\/h5><\/header><\/div><span class=\"dn meta-date\">20190815190959<\/span>\t\t<div class=\"cl\"><\/div>\n\t<\/div>\n<\/article>\n<!--_________________________ Finish Standard Project _________________________ -->\n\n\n<!--_________________________ Start Standard Project _________________________ -->\n\n<article id=\"post-249\" class=\"post-249 project type-project status-publish format-standard has-post-thumbnail hentry\">\n\t<div class=\"project_outer\">\n\t<figure class=\"cmsmasters_img_rollover_wrap preloader\"><img loading=\"lazy\" decoding=\"async\" width=\"400\" height=\"400\" src=\"https:\/\/rafaleon.com\/wp-content\/uploads\/2019\/08\/Depositphotos_138359480_ds-400x400.jpg\" class=\"full-width wp-post-image\" alt=\"Bachata tradicional\" title=\"Bachata tradicional\" srcset=\"https:\/\/rafaleon.com\/wp-content\/uploads\/2019\/08\/Depositphotos_138359480_ds-400x400.jpg 400w, https:\/\/rafaleon.com\/wp-content\/uploads\/2019\/08\/Depositphotos_138359480_ds-150x150.jpg 150w, https:\/\/rafaleon.com\/wp-content\/uploads\/2019\/08\/Depositphotos_138359480_ds-300x300.jpg 300w, https:\/\/rafaleon.com\/wp-content\/uploads\/2019\/08\/Depositphotos_138359480_ds-50x50.jpg 50w\" sizes=\"auto, (max-width: 400px) 100vw, 400px\" \/><div class=\"cmsmasters_img_rollover\"><a href=\"https:\/\/rafaleon.com\/?project=bachata-tradicional\" title=\"Bachata tradicional\" class=\"cmsmasters_open_post_link\"><\/a><\/div><\/figure><div class=\"project_inner\"><header class=\"cmsmasters_project_header entry-header\"><h5 class=\"cmsmasters_project_title entry-title\"><a href=\"https:\/\/rafaleon.com\/?project=bachata-tradicional\">Bachata tradicional<\/a><\/h5><\/header><\/div><span class=\"dn meta-date\">20190815191056<\/span>\t\t<div class=\"cl\"><\/div>\n\t<\/div>\n<\/article>\n<!--_________________________ Finish Standard Project _________________________ -->\n\n\n<!--_________________________ Start Standard Project _________________________ -->\n\n<article id=\"post-260\" class=\"post-260 project type-project status-publish format-standard has-post-thumbnail hentry\">\n\t<div class=\"project_outer\">\n\t<figure class=\"cmsmasters_img_rollover_wrap preloader\"><img loading=\"lazy\" decoding=\"async\" width=\"400\" height=\"400\" src=\"https:\/\/rafaleon.com\/wp-content\/uploads\/2019\/08\/Depositphotos_124103840_ds-1-400x400.jpg\" class=\"full-width wp-post-image\" alt=\"Afro-cubano\" title=\"Afro-cubano\" srcset=\"https:\/\/rafaleon.com\/wp-content\/uploads\/2019\/08\/Depositphotos_124103840_ds-1-400x400.jpg 400w, https:\/\/rafaleon.com\/wp-content\/uploads\/2019\/08\/Depositphotos_124103840_ds-1-150x150.jpg 150w, https:\/\/rafaleon.com\/wp-content\/uploads\/2019\/08\/Depositphotos_124103840_ds-1-300x300.jpg 300w, https:\/\/rafaleon.com\/wp-content\/uploads\/2019\/08\/Depositphotos_124103840_ds-1-50x50.jpg 50w\" sizes=\"auto, (max-width: 400px) 100vw, 400px\" \/><div class=\"cmsmasters_img_rollover\"><a href=\"https:\/\/rafaleon.com\/?project=afro-cubano\" title=\"Afro-cubano\" class=\"cmsmasters_open_post_link\"><\/a><\/div><\/figure><div class=\"project_inner\"><header class=\"cmsmasters_project_header entry-header\"><h5 class=\"cmsmasters_project_title entry-title\"><a href=\"https:\/\/rafaleon.com\/?project=afro-cubano\">Afro-cubano<\/a><\/h5><\/header><\/div><span class=\"dn meta-date\">20190815191439<\/span>\t\t<div class=\"cl\"><\/div>\n\t<\/div>\n<\/article>\n<!--_________________________ Finish Standard Project _________________________ -->\n\n<\/div><\/div>\n<\/div>\n<\/div>\n<\/div>\n<\/div>\n<\/div>\n<\/div>\n\n","protected":false},"excerpt":{"rendered":"","protected":false},"author":1,"featured_media":0,"parent":0,"menu_order":9,"comment_status":"closed","ping_status":"closed","template":"","meta":{"footnotes":""},"class_list":["post-300","page","type-page","status-publish","hentry"],"aioseo_notices":[],"_links":{"self":[{"href":"https:\/\/rafaleon.com\/index.php?rest_route=\/wp\/v2\/pages\/300","targetHints":{"allow":["GET"]}}],"collection":[{"href":"https:\/\/rafaleon.com\/index.php?rest_route=\/wp\/v2\/pages"}],"about":[{"href":"https:\/\/rafaleon.com\/index.php?rest_route=\/wp\/v2\/types\/page"}],"author":[{"embeddable":true,"href":"https:\/\/rafaleon.com\/index.php?rest_route=\/wp\/v2\/users\/1"}],"replies":[{"embeddable":true,"href":"https:\/\/rafaleon.com\/index.php?rest_route=%2Fwp%2Fv2%2Fcomments&post=300"}],"version-history":[{"count":3,"href":"https:\/\/rafaleon.com\/index.php?rest_route=\/wp\/v2\/pages\/300\/revisions"}],"predecessor-version":[{"id":315,"href":"https:\/\/rafaleon.com\/index.php?rest_route=\/wp\/v2\/pages\/300\/revisions\/315"}],"wp:attachment":[{"href":"https:\/\/rafaleon.com\/index.php?rest_route=%2Fwp%2Fv2%2Fmedia&parent=300"}],"curies":[{"name":"wp","href":"https:\/\/api.w.org\/{rel}","templated":true}]}}